{"id":37,"date":"2022-12-19T02:32:04","date_gmt":"2022-12-19T02:32:04","guid":{"rendered":"https:\/\/gaviaspreview.com\/wp\/gowilds\/?page_id=37"},"modified":"2025-03-06T11:45:59","modified_gmt":"2025-03-06T11:45:59","slug":"tours","status":"publish","type":"page","link":"https:\/\/linkcriativo.com\/webdevelop\/tourwithus\/tours\/","title":{"rendered":"Tours &amp; Experi\u00eancias"},"content":{"rendered":"\t\t<div data-elementor-type=\"wp-page\" data-elementor-id=\"37\" class=\"elementor elementor-37\">\n\t\t\t\t\t\t<section class=\"elementor-section elementor-top-section elementor-element elementor-element-edf096b elementor-section-full_width elementor-section-height-default elementor-section-height-default\" data-id=\"edf096b\" data-element_type=\"section\">\n\t\t\t\t\t\t<div class=\"elementor-container elementor-column-gap-default\">\n\t\t\t\t\t<div class=\"elementor-column elementor-col-100 elementor-top-column elementor-element elementor-element-a96cf47\" data-id=\"a96cf47\" data-element_type=\"column\">\n\t\t\t<div class=\"elementor-widget-wrap elementor-element-populated\">\n\t\t\t\t\t\t<div class=\"elementor-element elementor-element-0fbd6a9 elementor-widget elementor-widget-gva_post_breadcrumb\" data-id=\"0fbd6a9\" data-element_type=\"widget\" data-widget_type=\"gva_post_breadcrumb.default\">\n\t\t\t\t<div class=\"elementor-widget-container\">\n\t\t\t\t\t<div class=\"gva-element-gva_post_breadcrumb gva-element\">   \r\n<div class=\"post-breadcrumb\">\r\n   <div class=\"custom-breadcrumb \" >\r\n            <div class=\"breadcrumb-main\">\r\n        <div class=\"container\">\r\n          <div class=\"breadcrumb-container-inner align-center\">\r\n            <h2 class=\"heading-title\">Tours & Experi\u00eancias<\/h2><ol class=\"breadcrumb\"><li><a href=\"https:\/\/linkcriativo.com\/webdevelop\/tourwithus\">Home<\/a> <\/li> <li class=\"active\">P\u00e1gina<\/li><\/ol>          <\/div>  \r\n        <\/div>   \r\n      <\/div>  \r\n   <\/div>\r\n<\/div>      \r\n\r\n<\/div>\t\t\t\t<\/div>\n\t\t\t\t<\/div>\n\t\t\t\t\t<\/div>\n\t\t<\/div>\n\t\t\t\t\t<\/div>\n\t\t<\/section>\n\t\t\t\t<section class=\"elementor-section elementor-top-section elementor-element elementor-element-0a1772c elementor-section-boxed elementor-section-height-default elementor-section-height-default\" data-id=\"0a1772c\" data-element_type=\"section\">\n\t\t\t\t\t\t<div class=\"elementor-container elementor-column-gap-default\">\n\t\t\t\t\t<div class=\"elementor-column elementor-col-100 elementor-top-column elementor-element elementor-element-3073e6e\" data-id=\"3073e6e\" data-element_type=\"column\">\n\t\t\t<div class=\"elementor-widget-wrap elementor-element-populated\">\n\t\t\t\t\t\t<div class=\"elementor-element elementor-element-dd0463c elementor-widget elementor-widget-gva_ba_search_results\" data-id=\"dd0463c\" data-element_type=\"widget\" data-widget_type=\"gva_ba_search_results.default\">\n\t\t\t\t<div class=\"elementor-widget-container\">\n\t\t\t\t\t<div class=\"gva-element-gva_ba_search_results gva-element\">\t\t\t\t<div class=\"babe_search_results\">\r\n\t            <div class=\"babe_search_results_filters\">\r\n\t\t\t\t\t\t\t                  <div class=\"count-posts\">\r\n\t                     <strong class=\"count\">1<\/strong>&nbsp;\r\n\t\t\t\t\t\t\t\t\tTour\t                     <\/div>\r\n\t\t\t\t\t\t\r\n\t\t\t\t\t\t<div class=\"filter-sort\"><span>Ordenar<\/span><div class=\"input_select_field input_select_field_sr_sort_by \" data-name=\"sr_sort_by\"  tabindex=\"0\">\n\t\t\t\t\t\t\t<div class=\"input_select_sort\"><i class=\"fa fa-sort-numeric-down\"><\/i>\n\n                              <input type=\"hidden\" class=\"input_select_input_value\" name=\"sr_sort_by\"  value=\"price_desc\">\n                             <\/div>\t\n\t\t\t\t\t\t<\/div>\n\t\t\t\t\t\n\t\t\t\t\t\t<div class=\"input_select_field input_select_field_sr_sort_by \" data-name=\"sr_sort_by\"  tabindex=\"0\">\n\t\t\t\t\t\t\t<div class=\"input_select_title\">\n                                \n                                <div class=\"input_select_wrapper\">\n                                  <input type=\"text\" class=\"input_select_input\" name=\"sr_sort_by_label\"  value=\"Price\">\n                                  <input type=\"hidden\" class=\"input_select_input_value\" name=\"sr_sort_by\"  value=\"price_asc\">\n                                  <ul class=\"input_select_list\">\n                <li class=\"term_item\" data-id=\"title_asc\" data-value=\"Title\">Title<\/li><li class=\"term_item term_item_selected\" data-id=\"price_asc\" data-value=\"Price\">Price<\/li><li class=\"term_item\" data-id=\"rating_asc\" data-value=\"Rating\">Rating<\/li><li class=\"term_item\" data-id=\"avdatefrom_asc\" data-value=\"Availability date\">Availability date<\/li>\n            <\/ul>\n                                  <i class=\"fas fa-chevron-down\"><\/i>\n                                <\/div>\n                             <\/div>\t\n\t\t\t\t\t\t<\/div>\n\t\t\t\t\t<\/div>\t            <\/div>\r\n\r\n               \r\n               <div class=\"lg-block-grid-3 md-block-grid-3 sm-block-grid-2 xs-block-grid-2 xx-block-grid-1\">\r\n\r\n\t\t\t\t\t\t<div class=\"item-columns\">\r\n<div class=\"booking-one__single ba-block-item\">\r\n\t<div class=\"booking-one__wrap\">\r\n\t\t<div class=\"booking-one__image\">\r\n\t\t\t\t\t\t\t<a class=\"booking-one__image-link\" href=\"https:\/\/linkcriativo.com\/webdevelop\/tourwithus\/booking\/tour-douro-vinhateiro\/\">\r\n\t\t\t\t\t<img decoding=\"async\" src=\"https:\/\/linkcriativo.com\/webdevelop\/tourwithus\/wp-content\/uploads\/2025\/02\/Douro-Vinhateiro-600x540.png\" alt=\"TOUR DOURO VINHATEIRO\">\r\n\t\t\t\t<\/a>\r\n\t\t\t  \r\n\r\n\t\t\t<div class=\"booking__item-labels\"><span class=\"booking__item-label booking__item-featured\">Destaque<\/span><\/div>\r\n         \t\t<div class=\"wishlist-icon\">\r\n\t\t\t<a href=\"#\" data-post_id=\"888\" class=\"ajax-wishlist-link wishlist-add\" title=\"Wishlist\">\r\n\t\t\t\t<i class=\"icon far fa-heart\"><\/i>\r\n\t\t\t\t\t\t\t<\/a>\r\n\t \t<\/div> \r\n\t\t  \t<\/div>\r\n\r\n\t\t <div class=\"booking-one__content\">\r\n\t  \t\t<div class=\"booking-one__content-top\">\r\n\t\t  \t\t<div class=\"booking__rating\"><\/div>\t\t\t<\/div>\r\n\t\t\t<div class=\"booking-one__media booking__media\">\t\t                     <a class=\"ba-gallery\" href=\"https:\/\/linkcriativo.com\/webdevelop\/tourwithus\/wp-content\/uploads\/2025\/02\/Douro.png\" data-elementor-lightbox-slideshow=\"3615902765\">\r\n\t\t                        <i class=\"las la-camera\"><\/i><span>2<\/span>\t\t                     <\/a>\r\n\t\t                  \t\t                     <a class=\"hidden\" href=\"https:\/\/linkcriativo.com\/webdevelop\/tourwithus\/wp-content\/uploads\/2025\/02\/3.png\" data-elementor-lightbox-slideshow=\"3615902765\">\r\n\t\t                        \t\t                     <\/a>\r\n\t\t                  <\/div>\r\n\t  \t\t<h3 class=\"booking-one__title\">\r\n\t\t\t\t<a href=\"https:\/\/linkcriativo.com\/webdevelop\/tourwithus\/booking\/tour-douro-vinhateiro\/\">TOUR DOURO VINHATEIRO<\/a>\r\n\t\t\t<\/h3>\r\n\r\n\t\t\t\r\n\t\t\t\t\t\t \r\n\t\t\t<div class=\"booking-one__meta\">\r\n\t\t\t\t<div class=\"booking-one__meta-left\">\r\n\t\t\t\t\t<span class=\"booking-one__item-days booking-one__item-meta\"><i class=\"las la-clock\"><\/i><span>5 dias<\/span><\/span><span class=\"booking-one__item-user booking-one__item-meta\"><i class=\"las la-user-friends\"><\/i><span>12<\/span><\/span>\t\t\t\t<\/div>\r\n\t\t\t\t<div class=\"booking-one__meta-right\">\r\n\t\t\t\t\t<a href=\"https:\/\/linkcriativo.com\/webdevelop\/tourwithus\/booking\/tour-douro-vinhateiro\/\">Saber mais<\/a>\r\n\t\t\t\t<\/div>\t\r\n\t\t\t<\/div>\r\n\t\t<\/div>\r\n\t<\/div>\r\n<\/div><\/div><div class=\"item-columns\">\r\n<div class=\"booking-one__single ba-block-item\">\r\n\t<div class=\"booking-one__wrap\">\r\n\t\t<div class=\"booking-one__image\">\r\n\t\t\t\t\t\t\t<a class=\"booking-one__image-link\" href=\"https:\/\/linkcriativo.com\/webdevelop\/tourwithus\/booking\/tour-ao-porto\/\">\r\n\t\t\t\t\t<img decoding=\"async\" src=\"https:\/\/linkcriativo.com\/webdevelop\/tourwithus\/wp-content\/uploads\/2025\/02\/Porto-600x540.png\" alt=\"TOUR AO PORTO\">\r\n\t\t\t\t<\/a>\r\n\t\t\t  \r\n\r\n\t\t\t<div class=\"booking__item-labels\"><span class=\"booking__item-label booking__item-featured\">Destaque<\/span><\/div>\r\n         \t\t<div class=\"wishlist-icon\">\r\n\t\t\t<a href=\"#\" data-post_id=\"913\" class=\"ajax-wishlist-link wishlist-add\" title=\"Wishlist\">\r\n\t\t\t\t<i class=\"icon far fa-heart\"><\/i>\r\n\t\t\t\t\t\t\t<\/a>\r\n\t \t<\/div> \r\n\t\t  \t<\/div>\r\n\r\n\t\t <div class=\"booking-one__content\">\r\n\t  \t\t<div class=\"booking-one__content-top\">\r\n\t\t  \t\t<div class=\"booking__rating\"><\/div>\t\t\t<\/div>\r\n\t\t\t<div class=\"booking-one__media booking__media\">\t\t                     <a class=\"ba-gallery\" href=\"https:\/\/linkcriativo.com\/webdevelop\/tourwithus\/wp-content\/uploads\/2025\/02\/Porto-1.png\" data-elementor-lightbox-slideshow=\"917187601\">\r\n\t\t                        <i class=\"las la-camera\"><\/i><span>2<\/span>\t\t                     <\/a>\r\n\t\t                  \t\t                     <a class=\"hidden\" href=\"https:\/\/linkcriativo.com\/webdevelop\/tourwithus\/wp-content\/uploads\/2025\/02\/3.png\" data-elementor-lightbox-slideshow=\"917187601\">\r\n\t\t                        \t\t                     <\/a>\r\n\t\t                  <\/div>\r\n\t  \t\t<h3 class=\"booking-one__title\">\r\n\t\t\t\t<a href=\"https:\/\/linkcriativo.com\/webdevelop\/tourwithus\/booking\/tour-ao-porto\/\">TOUR AO PORTO<\/a>\r\n\t\t\t<\/h3>\r\n\r\n\t\t\t\r\n\t\t\t\t\t\t \r\n\t\t\t<div class=\"booking-one__meta\">\r\n\t\t\t\t<div class=\"booking-one__meta-left\">\r\n\t\t\t\t\t<span class=\"booking-one__item-days booking-one__item-meta\"><i class=\"las la-clock\"><\/i><span>5 dias<\/span><\/span><span class=\"booking-one__item-user booking-one__item-meta\"><i class=\"las la-user-friends\"><\/i><span>12<\/span><\/span>\t\t\t\t<\/div>\r\n\t\t\t\t<div class=\"booking-one__meta-right\">\r\n\t\t\t\t\t<a href=\"https:\/\/linkcriativo.com\/webdevelop\/tourwithus\/booking\/tour-ao-porto\/\">Saber mais<\/a>\r\n\t\t\t\t<\/div>\t\r\n\t\t\t<\/div>\r\n\t\t<\/div>\r\n\t<\/div>\r\n<\/div><\/div><div class=\"item-columns\">\r\n<div class=\"booking-one__single ba-block-item\">\r\n\t<div class=\"booking-one__wrap\">\r\n\t\t<div class=\"booking-one__image\">\r\n\t\t\t\t\t\t\t<a class=\"booking-one__image-link\" href=\"https:\/\/linkcriativo.com\/webdevelop\/tourwithus\/booking\/tour-a-aveiro\/\">\r\n\t\t\t\t\t<img decoding=\"async\" src=\"https:\/\/linkcriativo.com\/webdevelop\/tourwithus\/wp-content\/uploads\/2025\/02\/Aveiro-1-600x540.png\" alt=\"TOUR A AVEIRO\">\r\n\t\t\t\t<\/a>\r\n\t\t\t  \r\n\r\n\t\t\t\r\n         \t\t<div class=\"wishlist-icon\">\r\n\t\t\t<a href=\"#\" data-post_id=\"648\" class=\"ajax-wishlist-link wishlist-add\" title=\"Wishlist\">\r\n\t\t\t\t<i class=\"icon far fa-heart\"><\/i>\r\n\t\t\t\t\t\t\t<\/a>\r\n\t \t<\/div> \r\n\t\t  \t<\/div>\r\n\r\n\t\t <div class=\"booking-one__content\">\r\n\t  \t\t<div class=\"booking-one__content-top\">\r\n\t\t  \t\t<div class=\"booking__rating\"><\/div>\t\t\t<\/div>\r\n\t\t\t<div class=\"booking-one__media booking__media\">\t\t                     <a class=\"ba-gallery\" href=\"https:\/\/linkcriativo.com\/webdevelop\/tourwithus\/wp-content\/uploads\/2025\/02\/Aveiro-1.png\" data-elementor-lightbox-slideshow=\"2890883880\">\r\n\t\t                        <i class=\"las la-camera\"><\/i><span>4<\/span>\t\t                     <\/a>\r\n\t\t                  \t\t                     <a class=\"hidden\" href=\"https:\/\/linkcriativo.com\/webdevelop\/tourwithus\/wp-content\/uploads\/2025\/02\/Viana-do-Castelo.png\" data-elementor-lightbox-slideshow=\"2890883880\">\r\n\t\t                        \t\t                     <\/a>\r\n\t\t                  \t\t                     <a class=\"hidden\" href=\"https:\/\/linkcriativo.com\/webdevelop\/tourwithus\/wp-content\/uploads\/2023\/01\/tour-8.jpg\" data-elementor-lightbox-slideshow=\"2890883880\">\r\n\t\t                        \t\t                     <\/a>\r\n\t\t                  \t\t                     <a class=\"hidden\" href=\"https:\/\/linkcriativo.com\/webdevelop\/tourwithus\/wp-content\/uploads\/2023\/02\/bg-06.jpg\" data-elementor-lightbox-slideshow=\"2890883880\">\r\n\t\t                        \t\t                     <\/a>\r\n\t\t                  <\/div>\r\n\t  \t\t<h3 class=\"booking-one__title\">\r\n\t\t\t\t<a href=\"https:\/\/linkcriativo.com\/webdevelop\/tourwithus\/booking\/tour-a-aveiro\/\">TOUR A AVEIRO<\/a>\r\n\t\t\t<\/h3>\r\n\r\n\t\t\t\t\t\t\t<div class=\"booking-one__address\">\r\n\t\t\t\t\t<i class=\"fas fa-map-marker-alt\"><\/i><span>Avenida da Liberdade, Porto<\/span>\r\n\t\t\t\t<\/div>\r\n\t\t\t\r\n\t\t\t<div class=\"booking-one__price booking__price\"><label><i class=\"fa-solid fa-circle-dollar-to-slot\"><\/i>Desde<\/label><span class=\"item_info_price_new\"><span class=\"currency_amount\" data-amount=\"129\">129.00<span class=\"currency_symbol\">&euro;<\/span><\/span><\/span><\/div>\t\t\t \r\n\t\t\t<div class=\"booking-one__meta\">\r\n\t\t\t\t<div class=\"booking-one__meta-left\">\r\n\t\t\t\t\t<span class=\"booking-one__item-days booking-one__item-meta\"><i class=\"las la-clock\"><\/i><span>4 horas<\/span><\/span><span class=\"booking-one__item-user booking-one__item-meta\"><i class=\"las la-user-friends\"><\/i><span>9<\/span><\/span>\t\t\t\t<\/div>\r\n\t\t\t\t<div class=\"booking-one__meta-right\">\r\n\t\t\t\t\t<a href=\"https:\/\/linkcriativo.com\/webdevelop\/tourwithus\/booking\/tour-a-aveiro\/\">Saber mais<\/a>\r\n\t\t\t\t<\/div>\t\r\n\t\t\t<\/div>\r\n\t\t<\/div>\r\n\t<\/div>\r\n<\/div><\/div>               <\/div>\r\n\r\n\t\t\t\t\t<div class=\"babe_pager\"><\/div>\r\n\t\t            <div id=\"babe_search_result_refresh\">\r\n\t\t               <i class=\"fas fa-spinner fa-spin fa-3x\"><\/i>\r\n\t\t            <\/div>\r\n\r\n\t         <\/div>\r\n\r\n\t\t\t<\/div>\t\t\t\t<\/div>\n\t\t\t\t<\/div>\n\t\t\t\t\t<\/div>\n\t\t<\/div>\n\t\t\t\t\t<\/div>\n\t\t<\/section>\n\t\t\t\t<section class=\"elementor-section elementor-top-section elementor-element elementor-element-c66c304 elementor-section-boxed elementor-section-height-default elementor-section-height-default\" data-id=\"c66c304\" data-element_type=\"section\">\n\t\t\t\t\t\t<div class=\"elementor-container elementor-column-gap-default\">\n\t\t\t\t\t<div class=\"elementor-column elementor-col-100 elementor-top-column elementor-element elementor-element-53fdd7d\" data-id=\"53fdd7d\" data-element_type=\"column\" data-settings=\"{&quot;background_background&quot;:&quot;classic&quot;}\">\n\t\t\t<div class=\"elementor-widget-wrap elementor-element-populated\">\n\t\t\t\t\t<div class=\"elementor-background-overlay\"><\/div>\n\t\t\t\t\t\t<section class=\"elementor-section elementor-inner-section elementor-element elementor-element-96608e0 elementor-section-boxed elementor-section-height-default elementor-section-height-default\" data-id=\"96608e0\" data-element_type=\"section\">\n\t\t\t\t\t\t<div class=\"elementor-container elementor-column-gap-default\">\n\t\t\t\t\t<div class=\"elementor-column elementor-col-50 elementor-inner-column elementor-element elementor-element-35ace5e\" data-id=\"35ace5e\" data-element_type=\"column\">\n\t\t\t<div class=\"elementor-widget-wrap elementor-element-populated\">\n\t\t\t\t\t\t<div class=\"elementor-element elementor-element-aba5981 elementor-position-left elementor-vertical-align-middle icon-box-left elementor-view-default elementor-mobile-position-top elementor-widget elementor-widget-icon-box\" data-id=\"aba5981\" data-element_type=\"widget\" data-widget_type=\"icon-box.default\">\n\t\t\t\t<div class=\"elementor-widget-container\">\n\t\t\t\t\t\t\t<div class=\"elementor-icon-box-wrapper\">\n\n\t\t\t\t\t\t<div class=\"elementor-icon-box-icon\">\n\t\t\t\t<span  class=\"elementor-icon\">\n\t\t\t\t<i aria-hidden=\"true\" class=\" gwflaticon-journey\"><\/i>\t\t\t\t<\/span>\n\t\t\t<\/div>\n\t\t\t\n\t\t\t\t\t\t<div class=\"elementor-icon-box-content\">\n\n\t\t\t\t\t\t\t\t\t<h3 class=\"elementor-icon-box-title\">\n\t\t\t\t\t\t<span  >\n\t\t\t\t\t\t\tEscolha o seu Destino, n\u00f3s tratamos do Resto!\t\t\t\t\t\t<\/span>\n\t\t\t\t\t<\/h3>\n\t\t\t\t\n\t\t\t\t\t\t\t\t\t<p class=\"elementor-icon-box-description\">\n\t\t\t\t\t\tUsufrua do conforto e fiabilidade de um servi\u00e7o de qualidade\t\t\t\t\t<\/p>\n\t\t\t\t\n\t\t\t<\/div>\n\t\t\t\n\t\t<\/div>\n\t\t\t\t\t\t<\/div>\n\t\t\t\t<\/div>\n\t\t\t\t\t<\/div>\n\t\t<\/div>\n\t\t\t\t<div class=\"elementor-column elementor-col-50 elementor-inner-column elementor-element elementor-element-c8920aa\" data-id=\"c8920aa\" data-element_type=\"column\">\n\t\t\t<div class=\"elementor-widget-wrap elementor-element-populated\">\n\t\t\t\t\t\t<div class=\"elementor-element elementor-element-f6027d2 elementor-widget__width-auto elementor-widget elementor-widget-html\" data-id=\"f6027d2\" data-element_type=\"widget\" data-widget_type=\"html.default\">\n\t\t\t\t<div class=\"elementor-widget-container\">\n\t\t\t\t\t<a class=\"btn-white\" href=\"https:\/\/linkcriativo.com\/webdevelop\/tourwithus\/reservar-tour\">\n    Reserve j\u00e1\n<\/a>\t\t\t\t<\/div>\n\t\t\t\t<\/div>\n\t\t\t\t\t<\/div>\n\t\t<\/div>\n\t\t\t\t\t<\/div>\n\t\t<\/section>\n\t\t\t\t\t<\/div>\n\t\t<\/div>\n\t\t\t\t\t<\/div>\n\t\t<\/section>\n\t\t\t\t<section class=\"elementor-section elementor-top-section elementor-element elementor-element-8d58437 elementor-section-boxed elementor-section-height-default elementor-section-height-default\" data-id=\"8d58437\" data-element_type=\"section\">\n\t\t\t\t\t\t<div class=\"elementor-container elementor-column-gap-default\">\n\t\t\t\t\t<div class=\"elementor-column elementor-col-50 elementor-top-column elementor-element elementor-element-885890b\" data-id=\"885890b\" data-element_type=\"column\" data-settings=\"{&quot;background_background&quot;:&quot;classic&quot;}\">\n\t\t\t<div class=\"elementor-widget-wrap elementor-element-populated\">\n\t\t\t\t\t\t<div class=\"elementor-element elementor-element-7ebf34f elementor-widget elementor-widget-spacer\" data-id=\"7ebf34f\" data-element_type=\"widget\" data-widget_type=\"spacer.default\">\n\t\t\t\t<div class=\"elementor-widget-container\">\n\t\t\t\t\t\t\t<div class=\"elementor-spacer\">\n\t\t\t<div class=\"elementor-spacer-inner\"><\/div>\n\t\t<\/div>\n\t\t\t\t\t\t<\/div>\n\t\t\t\t<\/div>\n\t\t\t\t\t<\/div>\n\t\t<\/div>\n\t\t\t\t<div class=\"elementor-column elementor-col-50 elementor-top-column elementor-element elementor-element-5a532b5\" data-id=\"5a532b5\" data-element_type=\"column\" data-settings=\"{&quot;background_background&quot;:&quot;classic&quot;}\">\n\t\t\t<div class=\"elementor-widget-wrap elementor-element-populated\">\n\t\t\t\t\t\t<div class=\"elementor-element elementor-element-567f0ae elementor-widget elementor-widget-gva-heading-block\" data-id=\"567f0ae\" data-element_type=\"widget\" data-widget_type=\"gva-heading-block.default\">\n\t\t\t\t<div class=\"elementor-widget-container\">\n\t\t\t\t\t<div class=\"gva-element-gva-heading-block gva-element\">   <div class=\"align-left style-1 widget gsc-heading box-align-left auto-responsive\">\r\n      <div class=\"content-inner\">\r\n         \r\n                  \r\n         <div class=\"sub-title\"><span class=\"tagline\">Perguntas Frequentes<\/span><\/div>  \r\n         \r\n                     <h2 class=\"title\">\r\n               <span>Tem d\u00favidas?<\/span>\r\n            <\/h2>\r\n                  \r\n                     <div class=\"title-desc\">Como personalizar um Tour? Os Tours s\u00e3o privados ou em grupos? O que est\u00e1 inclu\u00eddo?  Vai encontrar as respostas mais comuns na nossa sec\u00e7\u00e3o de perguntas frequentes.\n\nSe tiver outras d\u00favidas, entre em contacto connosco.<\/div>\r\n         \r\n         \r\n      <\/div>\r\n   <\/div>\r\n<\/div>\t\t\t\t<\/div>\n\t\t\t\t<\/div>\n\t\t\t\t<div class=\"elementor-element elementor-element-2fb1da4 elementor-widget elementor-widget-accordion\" data-id=\"2fb1da4\" data-element_type=\"widget\" data-widget_type=\"accordion.default\">\n\t\t\t\t<div class=\"elementor-widget-container\">\n\t\t\t\t\t\t\t<div class=\"elementor-accordion\">\n\t\t\t\t\t\t\t<div class=\"elementor-accordion-item\">\n\t\t\t\t\t<div id=\"elementor-tab-title-5001\" class=\"elementor-tab-title\" data-tab=\"1\" role=\"button\" aria-controls=\"elementor-tab-content-5001\" aria-expanded=\"false\">\n\t\t\t\t\t\t\t\t\t\t\t\t\t<span class=\"elementor-accordion-icon elementor-accordion-icon-right\" aria-hidden=\"true\">\n\t\t\t\t\t\t\t\t\t\t\t\t\t\t\t<span class=\"elementor-accordion-icon-closed\"><i class=\"fas fa-chevron-right\"><\/i><\/span>\n\t\t\t\t\t\t\t\t<span class=\"elementor-accordion-icon-opened\"><i class=\"fas fa-chevron-down\"><\/i><\/span>\n\t\t\t\t\t\t\t\t\t\t\t\t\t\t<\/span>\n\t\t\t\t\t\t\t\t\t\t\t\t<a class=\"elementor-accordion-title\" tabindex=\"0\">Como posso reservar um tour?<\/a>\n\t\t\t\t\t<\/div>\n\t\t\t\t\t<div id=\"elementor-tab-content-5001\" class=\"elementor-tab-content elementor-clearfix\" data-tab=\"1\" role=\"region\" aria-labelledby=\"elementor-tab-title-5001\"><div class=\"js-dropdown-content\">\n<div class=\"o-answers-questions__text\">Voc\u00ea pode reservar diretamente atrav\u00e9s do nosso site, por telefone ou pelo WhatsApp. Ap\u00f3s a reserva, receber\u00e1 um e-mail de confirma\u00e7\u00e3o com todos os detalhes.<\/div>\n<\/div><\/div>\n\t\t\t\t<\/div>\n\t\t\t\t\t\t\t<div class=\"elementor-accordion-item\">\n\t\t\t\t\t<div id=\"elementor-tab-title-5002\" class=\"elementor-tab-title\" data-tab=\"2\" role=\"button\" aria-controls=\"elementor-tab-content-5002\" aria-expanded=\"false\">\n\t\t\t\t\t\t\t\t\t\t\t\t\t<span class=\"elementor-accordion-icon elementor-accordion-icon-right\" aria-hidden=\"true\">\n\t\t\t\t\t\t\t\t\t\t\t\t\t\t\t<span class=\"elementor-accordion-icon-closed\"><i class=\"fas fa-chevron-right\"><\/i><\/span>\n\t\t\t\t\t\t\t\t<span class=\"elementor-accordion-icon-opened\"><i class=\"fas fa-chevron-down\"><\/i><\/span>\n\t\t\t\t\t\t\t\t\t\t\t\t\t\t<\/span>\n\t\t\t\t\t\t\t\t\t\t\t\t<a class=\"elementor-accordion-title\" tabindex=\"0\">Os tours s\u00e3o privados ou em grupo?<\/a>\n\t\t\t\t\t<\/div>\n\t\t\t\t\t<div id=\"elementor-tab-content-5002\" class=\"elementor-tab-content elementor-clearfix\" data-tab=\"2\" role=\"region\" aria-labelledby=\"elementor-tab-title-5002\"><p>Oferecemos ambos os tipos de tours. Os tours privados garantem exclusividade e flexibilidade, enquanto os tours em grupo oferecem uma experi\u00eancia compartilhada com outros viajantes.<\/p><\/div>\n\t\t\t\t<\/div>\n\t\t\t\t\t\t\t<div class=\"elementor-accordion-item\">\n\t\t\t\t\t<div id=\"elementor-tab-title-5003\" class=\"elementor-tab-title\" data-tab=\"3\" role=\"button\" aria-controls=\"elementor-tab-content-5003\" aria-expanded=\"false\">\n\t\t\t\t\t\t\t\t\t\t\t\t\t<span class=\"elementor-accordion-icon elementor-accordion-icon-right\" aria-hidden=\"true\">\n\t\t\t\t\t\t\t\t\t\t\t\t\t\t\t<span class=\"elementor-accordion-icon-closed\"><i class=\"fas fa-chevron-right\"><\/i><\/span>\n\t\t\t\t\t\t\t\t<span class=\"elementor-accordion-icon-opened\"><i class=\"fas fa-chevron-down\"><\/i><\/span>\n\t\t\t\t\t\t\t\t\t\t\t\t\t\t<\/span>\n\t\t\t\t\t\t\t\t\t\t\t\t<a class=\"elementor-accordion-title\" tabindex=\"0\">O que est\u00e1 inclu\u00eddo no pre\u00e7o do tour?<\/a>\n\t\t\t\t\t<\/div>\n\t\t\t\t\t<div id=\"elementor-tab-content-5003\" class=\"elementor-tab-content elementor-clearfix\" data-tab=\"3\" role=\"region\" aria-labelledby=\"elementor-tab-title-5003\"><p>O pre\u00e7o do tour inclui transporte, motorista\/guia profissional e eventuais comodidades espec\u00edficas. Custos adicionais, como entradas em atra\u00e7\u00f5es e refei\u00e7\u00f5es, podem variar de acordo com o tour escolhido.<\/p><\/div>\n\t\t\t\t<\/div>\n\t\t\t\t\t\t\t\t<\/div>\n\t\t\t\t\t\t<\/div>\n\t\t\t\t<\/div>\n\t\t\t\t<div class=\"elementor-element elementor-element-b8e79f8 elementor-widget elementor-widget-heading\" data-id=\"b8e79f8\" data-element_type=\"widget\" data-widget_type=\"heading.default\">\n\t\t\t\t<div class=\"elementor-widget-container\">\n\t\t\t\t\t<h6 class=\"elementor-heading-title elementor-size-default\"><a href=\"https:\/\/linkcriativo.com\/webdevelop\/tourwithus\/faq\/\">+ Perguntas Frequentes<\/a><\/h6>\t\t\t\t<\/div>\n\t\t\t\t<\/div>\n\t\t\t\t\t<\/div>\n\t\t<\/div>\n\t\t\t\t\t<\/div>\n\t\t<\/section>\n\t\t\t\t<\/div>\n\t\t","protected":false},"excerpt":{"rendered":"<p>Tours &#038; Experi\u00eancias Home P\u00e1gina 1&nbsp; Tour Ordenar Title Price Rating Availability date Destaque 2 TOUR DOURO VINHATEIRO 5 dias12 Saber mais Destaque 2 TOUR AO PORTO 5 dias12 Saber [&hellip;]<\/p>\n","protected":false},"author":1,"featured_media":0,"parent":0,"menu_order":0,"comment_status":"closed","ping_status":"closed","template":"","meta":{"_siteseo_robots_primary_cat":"","pagelayer_contact_templates":[],"_pagelayer_content":"","footnotes":""},"class_list":["post-37","page","type-page","status-publish","hentry"],"_links":{"self":[{"href":"https:\/\/linkcriativo.com\/webdevelop\/tourwithus\/wp-json\/wp\/v2\/pages\/37","targetHints":{"allow":["GET"]}}],"collection":[{"href":"https:\/\/linkcriativo.com\/webdevelop\/tourwithus\/wp-json\/wp\/v2\/pages"}],"about":[{"href":"https:\/\/linkcriativo.com\/webdevelop\/tourwithus\/wp-json\/wp\/v2\/types\/page"}],"author":[{"embeddable":true,"href":"https:\/\/linkcriativo.com\/webdevelop\/tourwithus\/wp-json\/wp\/v2\/users\/1"}],"replies":[{"embeddable":true,"href":"https:\/\/linkcriativo.com\/webdevelop\/tourwithus\/wp-json\/wp\/v2\/comments?post=37"}],"version-history":[{"count":29,"href":"https:\/\/linkcriativo.com\/webdevelop\/tourwithus\/wp-json\/wp\/v2\/pages\/37\/revisions"}],"predecessor-version":[{"id":1361,"href":"https:\/\/linkcriativo.com\/webdevelop\/tourwithus\/wp-json\/wp\/v2\/pages\/37\/revisions\/1361"}],"wp:attachment":[{"href":"https:\/\/linkcriativo.com\/webdevelop\/tourwithus\/wp-json\/wp\/v2\/media?parent=37"}],"curies":[{"name":"wp","href":"https:\/\/api.w.org\/{rel}","templated":true}]}}