{"id":1168,"date":"2025-03-05T08:30:59","date_gmt":"2025-03-05T08:30:59","guid":{"rendered":"https:\/\/linkcriativo.com\/webdevelop\/tourwithus\/?page_id=1168"},"modified":"2025-03-06T11:49:45","modified_gmt":"2025-03-06T11:49:45","slug":"frota","status":"publish","type":"page","link":"https:\/\/linkcriativo.com\/webdevelop\/tourwithus\/frota\/","title":{"rendered":"Frota"},"content":{"rendered":"\t\t<div data-elementor-type=\"wp-page\" data-elementor-id=\"1168\" class=\"elementor elementor-1168\">\n\t\t\t\t\t\t<section class=\"elementor-section elementor-top-section elementor-element elementor-element-9bc195d elementor-section-full_width elementor-section-height-default elementor-section-height-default\" data-id=\"9bc195d\" data-element_type=\"section\">\n\t\t\t\t\t\t<div class=\"elementor-container elementor-column-gap-default\">\n\t\t\t\t\t<div class=\"elementor-column elementor-col-100 elementor-top-column elementor-element elementor-element-59a61ae\" data-id=\"59a61ae\" data-element_type=\"column\">\n\t\t\t<div class=\"elementor-widget-wrap elementor-element-populated\">\n\t\t\t\t\t\t<div class=\"elementor-element elementor-element-189db7b elementor-widget elementor-widget-gva_post_breadcrumb\" data-id=\"189db7b\" data-element_type=\"widget\" data-widget_type=\"gva_post_breadcrumb.default\">\n\t\t\t\t<div class=\"elementor-widget-container\">\n\t\t\t\t\t<div class=\"gva-element-gva_post_breadcrumb gva-element\">   \r\n<div class=\"post-breadcrumb\">\r\n   <div class=\"custom-breadcrumb \" >\r\n            <div class=\"breadcrumb-main\">\r\n        <div class=\"container\">\r\n          <div class=\"breadcrumb-container-inner align-center\">\r\n            <h2 class=\"heading-title\">Frota<\/h2><ol class=\"breadcrumb\"><li><a href=\"https:\/\/linkcriativo.com\/webdevelop\/tourwithus\">Home<\/a> <\/li> <li class=\"active\">P\u00e1gina<\/li><\/ol>          <\/div>  \r\n        <\/div>   \r\n      <\/div>  \r\n   <\/div>\r\n<\/div>      \r\n\r\n<\/div>\t\t\t\t<\/div>\n\t\t\t\t<\/div>\n\t\t\t\t\t<\/div>\n\t\t<\/div>\n\t\t\t\t\t<\/div>\n\t\t<\/section>\n\t\t\t\t<section class=\"elementor-section elementor-top-section elementor-element elementor-element-6bec4f8 elementor-section-boxed elementor-section-height-default elementor-section-height-default\" data-id=\"6bec4f8\" data-element_type=\"section\">\n\t\t\t\t\t\t<div class=\"elementor-container elementor-column-gap-default\">\n\t\t\t\t\t<div class=\"elementor-column elementor-col-50 elementor-top-column elementor-element elementor-element-9cb8544\" data-id=\"9cb8544\" data-element_type=\"column\">\n\t\t\t<div class=\"elementor-widget-wrap elementor-element-populated\">\n\t\t\t\t\t\t<div class=\"elementor-element elementor-element-3fca6f9 elementor-widget elementor-widget-gva-heading-block\" data-id=\"3fca6f9\" data-element_type=\"widget\" data-widget_type=\"gva-heading-block.default\">\n\t\t\t\t<div class=\"elementor-widget-container\">\n\t\t\t\t\t<div class=\"gva-element-gva-heading-block gva-element\">   <div class=\"align-left style-1 widget gsc-heading box-align-left auto-responsive\">\r\n      <div class=\"content-inner\">\r\n         \r\n                  \r\n         <div class=\"sub-title\"><span class=\"tagline\">Transfers Privados<\/span><\/div>  \r\n         \r\n                     <h2 class=\"title\">\r\n               <span>Frota Sustent\u00e1vel<\/span>\r\n            <\/h2>\r\n                  \r\n         \r\n         \r\n      <\/div>\r\n   <\/div>\r\n<\/div>\t\t\t\t<\/div>\n\t\t\t\t<\/div>\n\t\t\t\t<div class=\"elementor-element elementor-element-1f7eb18 elementor-widget elementor-widget-text-editor\" data-id=\"1f7eb18\" data-element_type=\"widget\" data-widget_type=\"text-editor.default\">\n\t\t\t\t<div class=\"elementor-widget-container\">\n\t\t\t\t\t\t\t\t\t<p>A nossa frota de transfers privados \u00e9 composta exclusivamente por viaturas 100% el\u00e9tricas, garantindo um transporte confort\u00e1vel, silencioso e amigo do ambiente.<\/p>\t\t\t\t\t\t\t\t<\/div>\n\t\t\t\t<\/div>\n\t\t\t\t\t<\/div>\n\t\t<\/div>\n\t\t\t\t<div class=\"elementor-column elementor-col-50 elementor-top-column elementor-element elementor-element-ae76a81\" data-id=\"ae76a81\" data-element_type=\"column\">\n\t\t\t<div class=\"elementor-widget-wrap elementor-element-populated\">\n\t\t\t\t\t\t<section class=\"elementor-section elementor-inner-section elementor-element elementor-element-a429086 elementor-section-boxed elementor-section-height-default elementor-section-height-default\" data-id=\"a429086\" data-element_type=\"section\">\n\t\t\t\t\t\t<div class=\"elementor-container elementor-column-gap-default\">\n\t\t\t\t\t<div class=\"elementor-column elementor-col-100 elementor-inner-column elementor-element elementor-element-783a9ce\" data-id=\"783a9ce\" data-element_type=\"column\">\n\t\t\t<div class=\"elementor-widget-wrap elementor-element-populated\">\n\t\t\t\t\t\t<div class=\"elementor-element elementor-element-739dd90 elementor-widget elementor-widget-text-editor\" data-id=\"739dd90\" data-element_type=\"widget\" data-widget_type=\"text-editor.default\">\n\t\t\t\t<div class=\"elementor-widget-container\">\n\t\t\t\t\t\t\t\t\t<p>Priorizamos a sustentabilidade sem comprometer a qualidade do servi\u00e7o, proporcionando aos nossos clientes uma experi\u00eancia premium, com total efici\u00eancia e zero emiss\u00f5es de CO\u2082.<\/p><p>Al\u00e9m do compromisso ecol\u00f3gico, os nossos transfers privados s\u00e3o sin\u00f3nimo de pontualidade, discri\u00e7\u00e3o e conveni\u00eancia. Os motoristas profissionais est\u00e3o altamente treinados para proporcionar um servi\u00e7o exclusivo e adaptado \u00e0s necessidades de cada cliente.<\/p>\t\t\t\t\t\t\t\t<\/div>\n\t\t\t\t<\/div>\n\t\t\t\t\t<\/div>\n\t\t<\/div>\n\t\t\t\t\t<\/div>\n\t\t<\/section>\n\t\t\t\t\t<\/div>\n\t\t<\/div>\n\t\t\t\t\t<\/div>\n\t\t<\/section>\n\t\t\t\t<section class=\"elementor-section elementor-top-section elementor-element elementor-element-f9c1763 elementor-section-boxed elementor-section-height-default elementor-section-height-default\" data-id=\"f9c1763\" data-element_type=\"section\" data-settings=\"{&quot;background_background&quot;:&quot;classic&quot;}\">\n\t\t\t\t\t\t<div class=\"elementor-container elementor-column-gap-default\">\n\t\t\t\t\t<div class=\"elementor-column elementor-col-100 elementor-top-column elementor-element elementor-element-bf0121a\" data-id=\"bf0121a\" data-element_type=\"column\">\n\t\t\t<div class=\"elementor-widget-wrap elementor-element-populated\">\n\t\t\t\t\t\t<div class=\"elementor-element elementor-element-f1568fd elementor-widget elementor-widget-gva_icon_box_group\" data-id=\"f1568fd\" data-element_type=\"widget\" data-widget_type=\"gva_icon_box_group.default\">\n\t\t\t\t<div class=\"elementor-widget-container\">\n\t\t\t\t\t<div class=\"gva-element-gva_icon_box_group gva-element\">\r\n<div class=\"gsc-icon-box-group layout-carousel swiper-slider-wrapper \">\r\n   <div class=\"swiper-content-inner\">\r\n      <div class=\"init-carousel-swiper swiper\" data-carousel=\"{&quot;items&quot;:3,&quot;items_lg&quot;:3,&quot;items_md&quot;:3,&quot;items_sm&quot;:2,&quot;items_xs&quot;:2,&quot;items_xx&quot;:2,&quot;effect&quot;:&quot;slide&quot;,&quot;space_between&quot;:30,&quot;loop&quot;:1,&quot;speed&quot;:600,&quot;autoplay&quot;:1,&quot;autoplay_delay&quot;:4500,&quot;autoplay_hover&quot;:1,&quot;navigation&quot;:1,&quot;pagination&quot;:0,&quot;dynamic_bullets&quot;:0,&quot;pagination_type&quot;:&quot;bullets&quot;}\">\r\n         <div class=\"swiper-wrapper\">\r\n            <div class=\"swiper-slide\">\r\n<div class=\"icon-box-item elementor-repeater-item-d833a49\">\r\n\t\t\r\n\t\t<div class=\"iconbox-two__single\"><div class=\"iconbox-two__content\"><div class=\"iconbox-two__icon\"><i aria-hidden=\"true\" class=\" las la-user-tie\"><\/i><\/div><div class=\"iconbox-two__content-inner\"><h3 class=\"iconbox-two__title\">Motorista Profissional<\/h3><div class=\"iconbox-two__desc\">Seguran\u00e7a e tranquilidade com um motorista licenciado.<\/div><\/div><\/div>\t\t  <a href=\"#\" class=\"iconbox-two__link-overlay\">\r\n\t\t\t \t\t  <\/a>\r\n\t\t  <\/div><\/div><\/div><div class=\"swiper-slide\">\r\n<div class=\"icon-box-item elementor-repeater-item-b50c52e\">\r\n\t\t\r\n\t\t<div class=\"iconbox-two__single\"><div class=\"iconbox-two__content\"><div class=\"iconbox-two__icon\"><i aria-hidden=\"true\" class=\" gwflaticon-best-price\"><\/i><\/div><div class=\"iconbox-two__content-inner\"><h3 class=\"iconbox-two__title\">Econ\u00f3mico & Confian\u00e7a<\/h3><div class=\"iconbox-two__desc\">Tarifas com tudo inclu\u00eddo, sem custos extra, sem surpresas<\/div><\/div><\/div>\t\t  <a href=\"#\" class=\"iconbox-two__link-overlay\">\r\n\t\t\t \t\t  <\/a>\r\n\t\t  <\/div><\/div><\/div><div class=\"swiper-slide\">\r\n<div class=\"icon-box-item elementor-repeater-item-2c50c28\">\r\n\t\t\r\n\t\t<div class=\"iconbox-two__single\"><div class=\"iconbox-two__content\"><div class=\"iconbox-two__icon\"><i aria-hidden=\"true\" class=\" la la-clock-o\"><\/i><\/div><div class=\"iconbox-two__content-inner\"><h3 class=\"iconbox-two__title\">Agendamento<\/h3><div class=\"iconbox-two__desc\">Pontualidade, e fazemos o seguimento do seu voo<\/div><\/div><\/div>\t\t  <a href=\"#\" class=\"iconbox-two__link-overlay\">\r\n\t\t\t \t\t  <\/a>\r\n\t\t  <\/div><\/div><\/div><div class=\"swiper-slide\">\r\n<div class=\"icon-box-item elementor-repeater-item-c492c79\">\r\n\t\t\r\n\t\t<div class=\"iconbox-two__single\"><div class=\"iconbox-two__content\"><div class=\"iconbox-two__icon\"><i aria-hidden=\"true\" class=\" gwflaticon-journey\"><\/i><\/div><div class=\"iconbox-two__content-inner\"><h3 class=\"iconbox-two__title\">Tour Privados<\/h3><div class=\"iconbox-two__desc\">Organizamos o seu Tour de acordo com a sua vontade...<\/div><\/div><\/div>\t\t  <a href=\"#\" class=\"iconbox-two__link-overlay\">\r\n\t\t\t \t\t  <\/a>\r\n\t\t  <\/div><\/div><\/div><div class=\"swiper-slide\">\r\n<div class=\"icon-box-item elementor-repeater-item-7832301\">\r\n\t\t\r\n\t\t<div class=\"iconbox-two__single\"><div class=\"iconbox-two__content\"><div class=\"iconbox-two__icon\"><i aria-hidden=\"true\" class=\" la la-id-badge\"><\/i><\/div><div class=\"iconbox-two__content-inner\"><h3 class=\"iconbox-two__title\">Coporate | Eventos<\/h3><div class=\"iconbox-two__desc\">Disponibilize aos seus Clientes e Fornecedores servi\u00e7o de qualidade<\/div><\/div><\/div>\t\t  <a href=\"#\" class=\"iconbox-two__link-overlay\">\r\n\t\t\t \t\t  <\/a>\r\n\t\t  <\/div><\/div><\/div>         <\/div>\r\n      <\/div>\r\n   <\/div>   \r\n   <div class=\"swiper-pagination\"><\/div>   <div class=\"swiper-nav-next\"><\/div><div class=\"swiper-nav-prev\"><\/div><\/div>\r\n<\/div>\t\t\t\t<\/div>\n\t\t\t\t<\/div>\n\t\t\t\t<div class=\"elementor-element elementor-element-c3a5537 elementor-widget elementor-widget-gva-services\" data-id=\"c3a5537\" data-element_type=\"widget\" data-widget_type=\"gva-services.default\">\n\t\t\t\t<div class=\"elementor-widget-container\">\n\t\t\t\t\t<div class=\"gva-element-gva-services gva-element\">\r\n<div class=\"gsc-services layout-grid\">\r\n   <div class=\"lg-block-grid-3 md-block-grid-3 sm-block-grid-2 xs-block-grid-1 xx-block-grid-1\">\r\n      <div class=\"item-columns\">\r\n<div class=\"service-one__single active\"><div class=\"service-one__content\"><div class=\"service-one__image\"><img decoding=\"async\" src=\"https:\/\/linkcriativo.com\/webdevelop\/tourwithus\/wp-content\/uploads\/2025\/03\/tesla-model3-500x360.jpg\" alt=\"Tesla Model 3\"\/><\/div><div class=\"service-one__content-inner\"><h4 class=\"service-one__title\"><span>Tesla Model 3<\/span><\/h4><div class=\"service-one__desc\">100% El\u00e9trico, conforto e seguran\u00e7a<br>\n<span style=\"color:var(--e-global-color-primary);\"><i class=\"las la-user-friends\"><\/i> 4 lugares<\/span><\/div><\/div>\t\t  <a href=\"#\" class=\"service-one__link-overlay\"><\/a>\r\n\t\t  <\/div><\/div>\t\r\n\r\n\r\n\r\n<\/div><div class=\"item-columns\">\r\n<div class=\"service-one__single active\"><div class=\"service-one__content\"><div class=\"service-one__image\"><img decoding=\"async\" src=\"https:\/\/linkcriativo.com\/webdevelop\/tourwithus\/wp-content\/uploads\/2025\/03\/renault-zoe-500x360.jpg\" alt=\"Renault Zoe\"\/><\/div><div class=\"service-one__content-inner\"><h4 class=\"service-one__title\"><span>Renault Zoe<\/span><\/h4><div class=\"service-one__desc\">100% El\u00e9trico, ideal para percursos em cidade<br>\n<span style=\"color:var(--e-global-color-primary);\"><i class=\"las la-user-friends\"><\/i> 4 lugares<\/span><\/div><\/div>\t\t  <a href=\"#\" class=\"service-one__link-overlay\"><\/a>\r\n\t\t  <\/div><\/div>\t\r\n\r\n\r\n\r\n<\/div><div class=\"item-columns\">\r\n<div class=\"service-one__single active\"><div class=\"service-one__content\"><div class=\"service-one__image\"><img decoding=\"async\" src=\"https:\/\/linkcriativo.com\/webdevelop\/tourwithus\/wp-content\/uploads\/2025\/03\/Citroen-e-spacetourer-500x360.jpg\" alt=\"Citro\u00ebn \u00eb-SpaceTourer\"\/><\/div><div class=\"service-one__content-inner\"><h4 class=\"service-one__title\"><span>Citro\u00ebn \u00eb-SpaceTourer<\/span><\/h4><div class=\"service-one__desc\">100% El\u00e9trico, ideal para grupos<br>\n<span style=\"color:var(--e-global-color-primary);\"><i class=\"las la-user-friends\"><\/i> 9 lugares<\/span><\/div><\/div>\t\t  <a href=\"#\" class=\"service-one__link-overlay\"><\/a>\r\n\t\t  <\/div><\/div>\t\r\n\r\n\r\n\r\n<\/div>   <\/div>\r\n<\/div>\r\n<\/div>\t\t\t\t<\/div>\n\t\t\t\t<\/div>\n\t\t\t\t\t<\/div>\n\t\t<\/div>\n\t\t\t\t\t<\/div>\n\t\t<\/section>\n\t\t\t\t<section class=\"elementor-section elementor-top-section elementor-element elementor-element-3f37b97 elementor-section-boxed elementor-section-height-default elementor-section-height-default\" data-id=\"3f37b97\" data-element_type=\"section\">\n\t\t\t\t\t\t<div class=\"elementor-container elementor-column-gap-default\">\n\t\t\t\t\t<div class=\"elementor-column elementor-col-50 elementor-top-column elementor-element elementor-element-2ca927c\" data-id=\"2ca927c\" data-element_type=\"column\" data-settings=\"{&quot;background_background&quot;:&quot;classic&quot;}\">\n\t\t\t<div class=\"elementor-widget-wrap elementor-element-populated\">\n\t\t\t\t\t\t<div class=\"elementor-element elementor-element-09f2b57 elementor-widget elementor-widget-spacer\" data-id=\"09f2b57\" data-element_type=\"widget\" data-widget_type=\"spacer.default\">\n\t\t\t\t<div class=\"elementor-widget-container\">\n\t\t\t\t\t\t\t<div class=\"elementor-spacer\">\n\t\t\t<div class=\"elementor-spacer-inner\"><\/div>\n\t\t<\/div>\n\t\t\t\t\t\t<\/div>\n\t\t\t\t<\/div>\n\t\t\t\t\t<\/div>\n\t\t<\/div>\n\t\t\t\t<div class=\"elementor-column elementor-col-50 elementor-top-column elementor-element elementor-element-77415c1\" data-id=\"77415c1\" data-element_type=\"column\" data-settings=\"{&quot;background_background&quot;:&quot;classic&quot;}\">\n\t\t\t<div class=\"elementor-widget-wrap elementor-element-populated\">\n\t\t\t\t\t\t<div class=\"elementor-element elementor-element-5ab7a2f elementor-widget elementor-widget-gva-heading-block\" data-id=\"5ab7a2f\" data-element_type=\"widget\" data-widget_type=\"gva-heading-block.default\">\n\t\t\t\t<div class=\"elementor-widget-container\">\n\t\t\t\t\t<div class=\"gva-element-gva-heading-block gva-element\">   <div class=\"align-left style-1 widget gsc-heading box-align-left auto-responsive\">\r\n      <div class=\"content-inner\">\r\n         \r\n                  \r\n         <div class=\"sub-title\"><span class=\"tagline\">Perguntas Frequentes<\/span><\/div>  \r\n         \r\n                     <h2 class=\"title\">\r\n               <span>Tem d\u00favidas?<\/span>\r\n            <\/h2>\r\n                  \r\n                     <div class=\"title-desc\">Quanto custa o servi\u00e7o? H\u00e1 cadeiras para crian\u00e7as? Quantas pessoas cabem num ve\u00edculo? Vai encontrar as respostas mais comuns na nossa sec\u00e7\u00e3o de perguntas frequentes.\n\nSe tiver outras d\u00favidas, entre em contacto connosco.<\/div>\r\n         \r\n         \r\n      <\/div>\r\n   <\/div>\r\n<\/div>\t\t\t\t<\/div>\n\t\t\t\t<\/div>\n\t\t\t\t<div class=\"elementor-element elementor-element-b702a74 elementor-widget elementor-widget-accordion\" data-id=\"b702a74\" data-element_type=\"widget\" data-widget_type=\"accordion.default\">\n\t\t\t\t<div class=\"elementor-widget-container\">\n\t\t\t\t\t\t\t<div class=\"elementor-accordion\">\n\t\t\t\t\t\t\t<div class=\"elementor-accordion-item\">\n\t\t\t\t\t<div id=\"elementor-tab-title-1911\" class=\"elementor-tab-title\" data-tab=\"1\" role=\"button\" aria-controls=\"elementor-tab-content-1911\" aria-expanded=\"false\">\n\t\t\t\t\t\t\t\t\t\t\t\t\t<span class=\"elementor-accordion-icon elementor-accordion-icon-right\" aria-hidden=\"true\">\n\t\t\t\t\t\t\t\t\t\t\t\t\t\t\t<span class=\"elementor-accordion-icon-closed\"><i class=\"fas fa-chevron-right\"><\/i><\/span>\n\t\t\t\t\t\t\t\t<span class=\"elementor-accordion-icon-opened\"><i class=\"fas fa-chevron-down\"><\/i><\/span>\n\t\t\t\t\t\t\t\t\t\t\t\t\t\t<\/span>\n\t\t\t\t\t\t\t\t\t\t\t\t<a class=\"elementor-accordion-title\" tabindex=\"0\">Com quanta anteced\u00eancia devo reservar o transfer?<\/a>\n\t\t\t\t\t<\/div>\n\t\t\t\t\t<div id=\"elementor-tab-content-1911\" class=\"elementor-tab-content elementor-clearfix\" data-tab=\"1\" role=\"region\" aria-labelledby=\"elementor-tab-title-1911\"><div class=\"js-dropdown-content\"><div class=\"o-answers-questions__text\">\u00c9 poss\u00edvel reservar transfers em Porto com um m\u00ednimo 24 horas de anteced\u00eancia<\/div><\/div><\/div>\n\t\t\t\t<\/div>\n\t\t\t\t\t\t\t<div class=\"elementor-accordion-item\">\n\t\t\t\t\t<div id=\"elementor-tab-title-1912\" class=\"elementor-tab-title\" data-tab=\"2\" role=\"button\" aria-controls=\"elementor-tab-content-1912\" aria-expanded=\"false\">\n\t\t\t\t\t\t\t\t\t\t\t\t\t<span class=\"elementor-accordion-icon elementor-accordion-icon-right\" aria-hidden=\"true\">\n\t\t\t\t\t\t\t\t\t\t\t\t\t\t\t<span class=\"elementor-accordion-icon-closed\"><i class=\"fas fa-chevron-right\"><\/i><\/span>\n\t\t\t\t\t\t\t\t<span class=\"elementor-accordion-icon-opened\"><i class=\"fas fa-chevron-down\"><\/i><\/span>\n\t\t\t\t\t\t\t\t\t\t\t\t\t\t<\/span>\n\t\t\t\t\t\t\t\t\t\t\t\t<a class=\"elementor-accordion-title\" tabindex=\"0\">Durante quanto tempo \u00e9 que o condutar ir\u00e1 esperar por mim?<\/a>\n\t\t\t\t\t<\/div>\n\t\t\t\t\t<div id=\"elementor-tab-content-1912\" class=\"elementor-tab-content elementor-clearfix\" data-tab=\"2\" role=\"region\" aria-labelledby=\"elementor-tab-title-1912\"><ul><li>Aeroportos: 1 hora a partir da hora efetiva de aterragem do voo.<\/li><li>Porto de cruzeiros: 30 minutos a partir da hora indicada ao fazer a reserva.<\/li><li>Esta\u00e7\u00f5es de comboio: 15 minutos a partir da hora efetiva de chegada do comboio.<\/li><li>Hot\u00e9is e apartamentos: 15 minutos a partir da hora indicada na reserva.<\/li><\/ul><p>Se, por alguma raz\u00e3o, necessitar de mais tempo, deve ligar para o n\u00famero de contacto que aparece na reserva. Nesse caso, podem ser aplicados suplementos.<\/p><\/div>\n\t\t\t\t<\/div>\n\t\t\t\t\t\t\t<div class=\"elementor-accordion-item\">\n\t\t\t\t\t<div id=\"elementor-tab-title-1913\" class=\"elementor-tab-title\" data-tab=\"3\" role=\"button\" aria-controls=\"elementor-tab-content-1913\" aria-expanded=\"false\">\n\t\t\t\t\t\t\t\t\t\t\t\t\t<span class=\"elementor-accordion-icon elementor-accordion-icon-right\" aria-hidden=\"true\">\n\t\t\t\t\t\t\t\t\t\t\t\t\t\t\t<span class=\"elementor-accordion-icon-closed\"><i class=\"fas fa-chevron-right\"><\/i><\/span>\n\t\t\t\t\t\t\t\t<span class=\"elementor-accordion-icon-opened\"><i class=\"fas fa-chevron-down\"><\/i><\/span>\n\t\t\t\t\t\t\t\t\t\t\t\t\t\t<\/span>\n\t\t\t\t\t\t\t\t\t\t\t\t<a class=\"elementor-accordion-title\" tabindex=\"0\">Onde \u00e9 que o condutor vai esperar por mim?<\/a>\n\t\t\t\t\t<\/div>\n\t\t\t\t\t<div id=\"elementor-tab-content-1913\" class=\"elementor-tab-content elementor-clearfix\" data-tab=\"3\" role=\"region\" aria-labelledby=\"elementor-tab-title-1913\"><ul><li>Aeroportos: o condutor ir\u00e1 esperar na zona de chegadas, mesmo depois da sala de recolha de bagagem.<\/li><li>Portos: o condutor ir\u00e1 esperar no terminal de chegadas do porto.<\/li><li>Esta\u00e7\u00f5es de comboio: o condutor ir\u00e1 esperar \u00e0 sa\u00edda da plataforma de chegada do comboio.<\/li><li>Hot\u00e9is e apartamentos: o condutor ir\u00e1 esperar no exterior do edif\u00edcio. Se tiver a possibilidade de estacionar o ve\u00edculo, poder\u00e1 esperar na rece\u00e7\u00e3o.<\/li><\/ul><p>Em todos os casos, o condutor ir\u00e1 esperar com um cartaz com o seu nome.<\/p><\/div>\n\t\t\t\t<\/div>\n\t\t\t\t\t\t\t\t<\/div>\n\t\t\t\t\t\t<\/div>\n\t\t\t\t<\/div>\n\t\t\t\t<div class=\"elementor-element elementor-element-3b45420 elementor-widget elementor-widget-heading\" data-id=\"3b45420\" data-element_type=\"widget\" data-widget_type=\"heading.default\">\n\t\t\t\t<div class=\"elementor-widget-container\">\n\t\t\t\t\t<h6 class=\"elementor-heading-title elementor-size-default\"><a href=\"https:\/\/linkcriativo.com\/webdevelop\/tourwithus\/faq\/\">+ Perguntas Frequentes<\/a><\/h6>\t\t\t\t<\/div>\n\t\t\t\t<\/div>\n\t\t\t\t\t<\/div>\n\t\t<\/div>\n\t\t\t\t\t<\/div>\n\t\t<\/section>\n\t\t\t\t<section class=\"elementor-section elementor-top-section elementor-element elementor-element-90a799b elementor-section-boxed elementor-section-height-default elementor-section-height-default\" data-id=\"90a799b\" data-element_type=\"section\">\n\t\t\t\t\t\t<div class=\"elementor-container elementor-column-gap-default\">\n\t\t\t\t\t<div class=\"elementor-column elementor-col-100 elementor-top-column elementor-element elementor-element-f364ee8\" data-id=\"f364ee8\" data-element_type=\"column\" data-settings=\"{&quot;background_background&quot;:&quot;classic&quot;}\">\n\t\t\t<div class=\"elementor-widget-wrap elementor-element-populated\">\n\t\t\t\t\t<div class=\"elementor-background-overlay\"><\/div>\n\t\t\t\t\t\t<section class=\"elementor-section elementor-inner-section elementor-element elementor-element-04f1c0c elementor-section-boxed elementor-section-height-default elementor-section-height-default\" data-id=\"04f1c0c\" data-element_type=\"section\">\n\t\t\t\t\t\t<div class=\"elementor-container elementor-column-gap-default\">\n\t\t\t\t\t<div class=\"elementor-column elementor-col-50 elementor-inner-column elementor-element elementor-element-b3c2508\" data-id=\"b3c2508\" data-element_type=\"column\">\n\t\t\t<div class=\"elementor-widget-wrap elementor-element-populated\">\n\t\t\t\t\t\t<div class=\"elementor-element elementor-element-aa757e3 elementor-position-left elementor-vertical-align-middle icon-box-left elementor-view-default elementor-mobile-position-top elementor-widget elementor-widget-icon-box\" data-id=\"aa757e3\" data-element_type=\"widget\" data-widget_type=\"icon-box.default\">\n\t\t\t\t<div class=\"elementor-widget-container\">\n\t\t\t\t\t\t\t<div class=\"elementor-icon-box-wrapper\">\n\n\t\t\t\t\t\t<div class=\"elementor-icon-box-icon\">\n\t\t\t\t<span  class=\"elementor-icon\">\n\t\t\t\t<i aria-hidden=\"true\" class=\" gwflaticon-flight\"><\/i>\t\t\t\t<\/span>\n\t\t\t<\/div>\n\t\t\t\n\t\t\t\t\t\t<div class=\"elementor-icon-box-content\">\n\n\t\t\t\t\t\t\t\t\t<h3 class=\"elementor-icon-box-title\">\n\t\t\t\t\t\t<span  >\n\t\t\t\t\t\t\tEscolha o seu Destino, n\u00f3s tratamos do Resto!\t\t\t\t\t\t<\/span>\n\t\t\t\t\t<\/h3>\n\t\t\t\t\n\t\t\t\t\t\t\t\t\t<p class=\"elementor-icon-box-description\">\n\t\t\t\t\t\tUsufrua do conforto e fiabilidade de um servi\u00e7o de transfere privado\t\t\t\t\t<\/p>\n\t\t\t\t\n\t\t\t<\/div>\n\t\t\t\n\t\t<\/div>\n\t\t\t\t\t\t<\/div>\n\t\t\t\t<\/div>\n\t\t\t\t\t<\/div>\n\t\t<\/div>\n\t\t\t\t<div class=\"elementor-column elementor-col-50 elementor-inner-column elementor-element elementor-element-dc262d8\" data-id=\"dc262d8\" data-element_type=\"column\">\n\t\t\t<div class=\"elementor-widget-wrap elementor-element-populated\">\n\t\t\t\t\t\t<div class=\"elementor-element elementor-element-1b923cd elementor-widget__width-auto elementor-widget elementor-widget-html\" data-id=\"1b923cd\" data-element_type=\"widget\" data-widget_type=\"html.default\">\n\t\t\t\t<div class=\"elementor-widget-container\">\n\t\t\t\t\t<a class=\"btn-white\" href=\"https:\/\/linkcriativo.com\/webdevelop\/tourwithus\/reservar-transfer\/\">\n    Reserve j\u00e1\n<\/a>\t\t\t\t<\/div>\n\t\t\t\t<\/div>\n\t\t\t\t\t<\/div>\n\t\t<\/div>\n\t\t\t\t\t<\/div>\n\t\t<\/section>\n\t\t\t\t\t<\/div>\n\t\t<\/div>\n\t\t\t\t\t<\/div>\n\t\t<\/section>\n\t\t\t\t<\/div>\n\t\t","protected":false},"excerpt":{"rendered":"<p>Frota Home P\u00e1gina Transfers Privados Frota Sustent\u00e1vel A nossa frota de transfers privados \u00e9 composta exclusivamente por viaturas 100% el\u00e9tricas, garantindo um transporte confort\u00e1vel, silencioso e amigo do ambiente. Priorizamos [&hellip;]<\/p>\n","protected":false},"author":1,"featured_media":0,"parent":0,"menu_order":0,"comment_status":"closed","ping_status":"closed","template":"","meta":{"_siteseo_robots_primary_cat":"","pagelayer_contact_templates":[],"_pagelayer_content":"","footnotes":""},"class_list":["post-1168","page","type-page","status-publish","hentry"],"_links":{"self":[{"href":"https:\/\/linkcriativo.com\/webdevelop\/tourwithus\/wp-json\/wp\/v2\/pages\/1168","targetHints":{"allow":["GET"]}}],"collection":[{"href":"https:\/\/linkcriativo.com\/webdevelop\/tourwithus\/wp-json\/wp\/v2\/pages"}],"about":[{"href":"https:\/\/linkcriativo.com\/webdevelop\/tourwithus\/wp-json\/wp\/v2\/types\/page"}],"author":[{"embeddable":true,"href":"https:\/\/linkcriativo.com\/webdevelop\/tourwithus\/wp-json\/wp\/v2\/users\/1"}],"replies":[{"embeddable":true,"href":"https:\/\/linkcriativo.com\/webdevelop\/tourwithus\/wp-json\/wp\/v2\/comments?post=1168"}],"version-history":[{"count":61,"href":"https:\/\/linkcriativo.com\/webdevelop\/tourwithus\/wp-json\/wp\/v2\/pages\/1168\/revisions"}],"predecessor-version":[{"id":1370,"href":"https:\/\/linkcriativo.com\/webdevelop\/tourwithus\/wp-json\/wp\/v2\/pages\/1168\/revisions\/1370"}],"wp:attachment":[{"href":"https:\/\/linkcriativo.com\/webdevelop\/tourwithus\/wp-json\/wp\/v2\/media?parent=1168"}],"curies":[{"name":"wp","href":"https:\/\/api.w.org\/{rel}","templated":true}]}}