{"id":10573,"date":"2025-07-29T16:07:59","date_gmt":"2025-07-29T16:07:59","guid":{"rendered":"https:\/\/linkcriativo.com\/webdevelop\/3cmn\/?page_id=10573"},"modified":"2025-07-30T09:15:39","modified_gmt":"2025-07-30T09:15:39","slug":"recrutamento","status":"publish","type":"page","link":"https:\/\/linkcriativo.com\/webdevelop\/3cmn\/recrutamento\/","title":{"rendered":"Recrutamento"},"content":{"rendered":"\t\t<div data-elementor-type=\"wp-page\" data-elementor-id=\"10573\" class=\"elementor elementor-10573\">\n\t\t\t\t<div class=\"elementor-element elementor-element-7813f25 parallaxie e-flex e-con-boxed e-con e-parent\" data-id=\"7813f25\" data-element_type=\"container\" data-settings=\"{&quot;background_background&quot;:&quot;classic&quot;}\">\n\t\t\t\t\t<div class=\"e-con-inner\">\n\t\t<div class=\"elementor-element elementor-element-985f4f4 e-con-full e-flex e-con e-child\" data-id=\"985f4f4\" data-element_type=\"container\">\n\t\t\t\t<div class=\"elementor-element elementor-element-c5ddf64 solor-heading-animation solor-animation-heading-style-2 elementor-widget elementor-widget-heading\" data-id=\"c5ddf64\" data-element_type=\"widget\" data-settings=\"{&quot;ekit_we_effect_on&quot;:&quot;none&quot;}\" data-widget_type=\"heading.default\">\n\t\t\t\t<div class=\"elementor-widget-container\">\n\t\t\t\t\t<h1 class=\"elementor-heading-title elementor-size-default\">Recrutamento<\/h1>\t\t\t\t<\/div>\n\t\t\t\t<\/div>\n\t\t\t\t<div class=\"elementor-element elementor-element-0253b4b elementor-invisible elementor-widget elementor-widget-elementskit-breadcrumb\" data-id=\"0253b4b\" data-element_type=\"widget\" data-settings=\"{&quot;_animation&quot;:&quot;fadeInUp&quot;,&quot;ekit_we_effect_on&quot;:&quot;none&quot;}\" data-widget_type=\"elementskit-breadcrumb.default\">\n\t\t\t\t<div class=\"elementor-widget-container\">\n\t\t\t\t\t<div class=\"ekit-wid-con\" ><ol class=\"ekit-breadcrumb\"><li class=\"ekit_breadcrumbs_start\"><a href=\"https:\/\/linkcriativo.com\/webdevelop\/3cmn\">Home<\/a><\/li><\/ol><\/div>\t\t\t\t<\/div>\n\t\t\t\t<\/div>\n\t\t\t\t<\/div>\n\t\t\t\t\t<\/div>\n\t\t\t\t<\/div>\n\t\t<div class=\"elementor-element elementor-element-e83a741 e-flex e-con-boxed e-con e-parent\" data-id=\"e83a741\" data-element_type=\"container\">\n\t\t\t\t\t<div class=\"e-con-inner\">\n\t\t<div class=\"elementor-element elementor-element-0346c3b e-con-full e-flex e-con e-child\" data-id=\"0346c3b\" data-element_type=\"container\">\n\t\t<div class=\"elementor-element elementor-element-337b73b e-con-full e-flex e-con e-child\" data-id=\"337b73b\" data-element_type=\"container\">\n\t\t\t\t<div class=\"elementor-element elementor-element-378a5c0 small-heading-style solor-heading-animation solor-animation-heading-none elementor-invisible elementor-widget elementor-widget-heading\" data-id=\"378a5c0\" data-element_type=\"widget\" data-settings=\"{&quot;_animation&quot;:&quot;fadeInUp&quot;,&quot;ekit_we_effect_on&quot;:&quot;none&quot;}\" data-widget_type=\"heading.default\">\n\t\t\t\t<div class=\"elementor-widget-container\">\n\t\t\t\t\t<h3 class=\"elementor-heading-title elementor-size-default\">Fa\u00e7a parte da Nossa equipa<\/h3>\t\t\t\t<\/div>\n\t\t\t\t<\/div>\n\t\t\t\t<div class=\"elementor-element elementor-element-bd16517 solor-heading-animation solor-animation-heading-style-2 elementor-widget elementor-widget-heading\" data-id=\"bd16517\" data-element_type=\"widget\" data-settings=\"{&quot;ekit_we_effect_on&quot;:&quot;none&quot;}\" data-widget_type=\"heading.default\">\n\t\t\t\t<div class=\"elementor-widget-container\">\n\t\t\t\t\t<h2 class=\"elementor-heading-title elementor-size-default\">D\u00ea <span style='color:#00C3E8'>energia<\/span> ao seu <span style='color:#00C3E8'>futuro!<\/span> <\/h2>\t\t\t\t<\/div>\n\t\t\t\t<\/div>\n\t\t\t\t<\/div>\n\t\t<div class=\"elementor-element elementor-element-7ab54de e-con-full e-flex elementor-invisible e-con e-child\" data-id=\"7ab54de\" data-element_type=\"container\" data-settings=\"{&quot;animation&quot;:&quot;fadeInUp&quot;,&quot;animation_delay&quot;:200}\">\n\t\t\t\t<div class=\"elementor-element elementor-element-8404f88 elementor-widget elementor-widget-text-editor\" data-id=\"8404f88\" data-element_type=\"widget\" data-settings=\"{&quot;ekit_we_effect_on&quot;:&quot;none&quot;}\" data-widget_type=\"text-editor.default\">\n\t\t\t\t<div class=\"elementor-widget-container\">\n\t\t\t\t\t\t\t\t\t<p>Estamos a crescer e \u00e0 procura de novos talentos para as nossas equipas: comerciais, gestores de clientes, consultores de energia, apoio em loja, atendimento ao p\u00fablico e call center.<\/p><p><span style=\"color: #1f628e;\"><strong>Entra no mundo da energia connosco e cresce com uma equipa em expans\u00e3o.<\/strong><\/span><\/p>\t\t\t\t\t\t\t\t<\/div>\n\t\t\t\t<\/div>\n\t\t\t\t<\/div>\n\t\t\t\t<\/div>\n\t\t<div class=\"elementor-element elementor-element-ea77abf e-con-full e-flex e-con e-child\" data-id=\"ea77abf\" data-element_type=\"container\">\n\t\t<div class=\"elementor-element elementor-element-a68681e e-con-full e-flex e-con e-child\" data-id=\"a68681e\" data-element_type=\"container\">\n\t\t\t\t<div class=\"elementor-element elementor-element-891aab8 funfacts-layout2 elementor-widget elementor-widget-elementskit-funfact\" data-id=\"891aab8\" data-element_type=\"widget\" data-settings=\"{&quot;ekit_we_effect_on&quot;:&quot;none&quot;}\" data-widget_type=\"elementskit-funfact.default\">\n\t\t\t\t<div class=\"elementor-widget-container\">\n\t\t\t\t\t<div class=\"ekit-wid-con\" >\n\t\t<div class=\"elementskit-funfact text-left     \">\n\t\t\t\n\t\t\t<div class=\"elementskit-funfact-inner position_left\">\n\t\t\t\t\t\t\t\t\t<div class=\"funfact-icon\"> <img decoding=\"async\" width=\"41\" height=\"40\" src=\"https:\/\/linkcriativo.com\/webdevelop\/3cmn\/wp-content\/uploads\/2024\/03\/icon-why3-2.svg\" class=\"attachment-thumbnail size-thumbnail wp-image-7777\" alt=\"\" \/>\n\t\t\t\t\t<\/div>\n\t\t\t\t\t\t\t\t\n\t\t\t\t<div class=\"funfact-content\">\n\t\t\t\t\t<div class=\"number-percentage-wraper\">\n\t\t\t\t\t\t\t\t\t\t\t\t<span class=\"number-percentage\"\n\t\t\t\t\t\t      data-value=\"6\"\n\t\t\t\t\t\t      data-animation-duration=\"3500\"\n\t\t\t\t\t\t\t  data-style=\"static\">0<\/span>\n\t\t\t\t\t\t\t\t\t\t\t\t\t\t\t\t\t<\/div>\n\n\t\t\t\t\t<p class=\"funfact-title\">Lojas Endesa<\/p>\t\t\t\t\t\t\t\t<\/div>\n\t\t<\/div>\n\t\t<\/div>\n\n\n\t\t<\/div>\t\t\t\t<\/div>\n\t\t\t\t<\/div>\n\t\t\t\t<\/div>\n\t\t<div class=\"elementor-element elementor-element-a8b5250 e-con-full e-flex e-con e-child\" data-id=\"a8b5250\" data-element_type=\"container\">\n\t\t\t\t<div class=\"elementor-element elementor-element-e5285b8 funfacts-layout2 elementor-widget elementor-widget-elementskit-funfact\" data-id=\"e5285b8\" data-element_type=\"widget\" data-settings=\"{&quot;ekit_we_effect_on&quot;:&quot;none&quot;}\" data-widget_type=\"elementskit-funfact.default\">\n\t\t\t\t<div class=\"elementor-widget-container\">\n\t\t\t\t\t<div class=\"ekit-wid-con\" >\n\t\t<div class=\"elementskit-funfact text-left     \">\n\t\t\t\n\t\t\t<div class=\"elementskit-funfact-inner position_left\">\n\t\t\t\t\t\t\t\t\t<div class=\"funfact-icon\"> <img decoding=\"async\" width=\"41\" height=\"40\" src=\"https:\/\/linkcriativo.com\/webdevelop\/3cmn\/wp-content\/uploads\/2024\/03\/icon-happy-clients.svg\" class=\"attachment-thumbnail size-thumbnail wp-image-1567\" alt=\"\" \/>\n\t\t\t\t\t<\/div>\n\t\t\t\t\t\t\t\t\n\t\t\t\t<div class=\"funfact-content\">\n\t\t\t\t\t<div class=\"number-percentage-wraper\">\n\t\t\t\t\t\t\t\t\t\t\t\t<span class=\"number-percentage\"\n\t\t\t\t\t\t      data-value=\"70\"\n\t\t\t\t\t\t      data-animation-duration=\"3500\"\n\t\t\t\t\t\t\t  data-style=\"static\">0<\/span>\n\t\t\t\t\t\t+\t\t\t\t\t\t\t\t\t\t\t<\/div>\n\n\t\t\t\t\t<p class=\"funfact-title\">Equipas Comerciais<\/p>\t\t\t\t\t\t\t\t<\/div>\n\t\t<\/div>\n\t\t<\/div>\n\n\n\t\t<\/div>\t\t\t\t<\/div>\n\t\t\t\t<\/div>\n\t\t\t\t<\/div>\n\t\t<div class=\"elementor-element elementor-element-6488925 e-con-full e-flex e-con e-child\" data-id=\"6488925\" data-element_type=\"container\">\n\t\t\t\t<div class=\"elementor-element elementor-element-8c09501 funfacts-layout2 elementor-widget elementor-widget-elementskit-funfact\" data-id=\"8c09501\" data-element_type=\"widget\" data-settings=\"{&quot;ekit_we_effect_on&quot;:&quot;none&quot;}\" data-widget_type=\"elementskit-funfact.default\">\n\t\t\t\t<div class=\"elementor-widget-container\">\n\t\t\t\t\t<div class=\"ekit-wid-con\" >\n\t\t<div class=\"elementskit-funfact text-left     \">\n\t\t\t\n\t\t\t<div class=\"elementskit-funfact-inner position_left\">\n\t\t\t\t\t\t\t\t\t<div class=\"funfact-icon\"> \t\t\t\t\t\t\t<i ><\/i>\n\n\t\t\t\t\t\t\t<i aria-hidden=\"true\" class=\"elementskit-funfact-icon icon icon-google-map\"><\/i>\n\t\t\t\t\t<\/div>\n\t\t\t\t\t\t\t\t\n\t\t\t\t<div class=\"funfact-content\">\n\t\t\t\t\t<div class=\"number-percentage-wraper\">\n\t\t\t\t\t\t\t\t\t\t\t\t<span class=\"number-percentage\"\n\t\t\t\t\t\t      data-value=\"18\"\n\t\t\t\t\t\t      data-animation-duration=\"3500\"\n\t\t\t\t\t\t\t  data-style=\"static\">0<\/span>\n\t\t\t\t\t\t+\t\t\t\t\t\t\t\t\t\t\t<\/div>\n\n\t\t\t\t\t<p class=\"funfact-title\">Distritos<\/p>\t\t\t\t\t\t\t\t<\/div>\n\t\t<\/div>\n\t\t<\/div>\n\n\n\t\t<\/div>\t\t\t\t<\/div>\n\t\t\t\t<\/div>\n\t\t\t\t<\/div>\n\t\t<div class=\"elementor-element elementor-element-3d8845a e-con-full e-flex e-con e-child\" data-id=\"3d8845a\" data-element_type=\"container\">\n\t\t\t\t<div class=\"elementor-element elementor-element-c02cb0e funfacts-layout2 elementor-widget elementor-widget-elementskit-funfact\" data-id=\"c02cb0e\" data-element_type=\"widget\" data-settings=\"{&quot;ekit_we_effect_on&quot;:&quot;none&quot;}\" data-widget_type=\"elementskit-funfact.default\">\n\t\t\t\t<div class=\"elementor-widget-container\">\n\t\t\t\t\t<div class=\"ekit-wid-con\" >\n\t\t<div class=\"elementskit-funfact text-left     \">\n\t\t\t\n\t\t\t<div class=\"elementskit-funfact-inner position_left\">\n\t\t\t\t\t\t\t\t\t<div class=\"funfact-icon\"> <img decoding=\"async\" width=\"52\" height=\"40\" src=\"https:\/\/linkcriativo.com\/webdevelop\/3cmn\/wp-content\/uploads\/2024\/03\/icon-ratting.svg\" class=\"attachment-thumbnail size-thumbnail wp-image-1569\" alt=\"\" \/>\n\t\t\t\t\t<\/div>\n\t\t\t\t\t\t\t\t\n\t\t\t\t<div class=\"funfact-content\">\n\t\t\t\t\t<div class=\"number-percentage-wraper\">\n\t\t\t\t\t\t\t\t\t\t\t\t<span class=\"number-percentage\"\n\t\t\t\t\t\t      data-value=\"118554\"\n\t\t\t\t\t\t      data-animation-duration=\"3500\"\n\t\t\t\t\t\t\t  data-style=\"static\">0<\/span>\n\t\t\t\t\t\t+\t\t\t\t\t\t\t\t\t\t\t<\/div>\n\n\t\t\t\t\t<p class=\"funfact-title\">Clientes<\/p>\t\t\t\t\t\t\t\t<\/div>\n\t\t<\/div>\n\t\t<\/div>\n\n\n\t\t<\/div>\t\t\t\t<\/div>\n\t\t\t\t<\/div>\n\t\t\t\t<\/div>\n\t\t\t\t<\/div>\n\t\t\t\t<div class=\"elementor-element elementor-element-ee5834b elementor-widget elementor-widget-spacer\" data-id=\"ee5834b\" data-element_type=\"widget\" data-settings=\"{&quot;ekit_we_effect_on&quot;:&quot;none&quot;}\" data-widget_type=\"spacer.default\">\n\t\t\t\t<div class=\"elementor-widget-container\">\n\t\t\t\t\t\t\t<div class=\"elementor-spacer\">\n\t\t\t<div class=\"elementor-spacer-inner\"><\/div>\n\t\t<\/div>\n\t\t\t\t\t\t<\/div>\n\t\t\t\t<\/div>\n\t\t<div class=\"elementor-element elementor-element-7b5b29e e-con-full e-flex e-con e-child\" data-id=\"7b5b29e\" data-element_type=\"container\">\n\t\t\t\t<div class=\"elementor-element elementor-element-b1f400e elementor-widget elementor-widget-text-editor\" data-id=\"b1f400e\" data-element_type=\"widget\" data-settings=\"{&quot;ekit_we_effect_on&quot;:&quot;none&quot;}\" data-widget_type=\"text-editor.default\">\n\t\t\t\t<div class=\"elementor-widget-container\">\n\t\t\t\t\t\t\t\t\t<p>Na <span style=\"color: #1f628e;\"><strong>3CMN<\/strong> <\/span>valorizamos pessoas <strong><span style=\"color: #1f628e;\">com energia<\/span><\/strong>, determina\u00e7\u00e3o e vontade de crescer connosco. Se procura uma <strong><span style=\"color: #1f628e;\">oportunidade<\/span> <\/strong>para desenvolver a <span style=\"color: #1f628e;\"><strong>sua carreira<\/strong><\/span> numa empresa s\u00f3lida e parceira oficial da <strong><span style=\"color: #1f628e;\">Endesa<\/span><\/strong>, preencha o formul\u00e1rio e envie a sua candidatura.<\/p>\t\t\t\t\t\t\t\t<\/div>\n\t\t\t\t<\/div>\n\t\t\t\t<div class=\"elementor-element elementor-element-33eb7d5 elementor-widget elementor-widget-elementskit-contact-form7\" data-id=\"33eb7d5\" data-element_type=\"widget\" data-settings=\"{&quot;ekit_we_effect_on&quot;:&quot;none&quot;}\" data-widget_type=\"elementskit-contact-form7.default\">\n\t\t\t\t<div class=\"elementor-widget-container\">\n\t\t\t\t\t<div class=\"ekit-wid-con\" ><div class=\"ekit-form\">\n<div class=\"wpcf7 no-js\" id=\"wpcf7-f4544-o1\" lang=\"en-US\" dir=\"ltr\" data-wpcf7-id=\"4544\">\n<div class=\"screen-reader-response\"><p role=\"status\" aria-live=\"polite\" aria-atomic=\"true\"><\/p> <ul><\/ul><\/div>\n<form action=\"\/webdevelop\/3cmn\/wp-json\/wp\/v2\/pages\/10573#wpcf7-f4544-o1\" method=\"post\" class=\"wpcf7-form init\" aria-label=\"Contact form\" enctype=\"multipart\/form-data\" novalidate=\"novalidate\" data-status=\"init\">\n<fieldset class=\"hidden-fields-container\"><input type=\"hidden\" name=\"_wpcf7\" value=\"4544\" \/><input type=\"hidden\" name=\"_wpcf7_version\" value=\"6.1\" \/><input type=\"hidden\" name=\"_wpcf7_locale\" value=\"en_US\" \/><input type=\"hidden\" name=\"_wpcf7_unit_tag\" value=\"wpcf7-f4544-o1\" \/><input type=\"hidden\" name=\"_wpcf7_container_post\" value=\"0\" \/><input type=\"hidden\" name=\"_wpcf7_posted_data_hash\" value=\"\" \/>\n<\/fieldset>\n<div class=\"contact-form\">\n\t<div class=\"row\">\n\t\t<div class=\"form-group col-md-6 mb-4\">\n\t\t\t<p><label>O seu nome (obrigat\u00f3rio)<\/label><br \/>\n<span class=\"wpcf7-form-control-wrap\" data-name=\"FullName\"><input size=\"40\" maxlength=\"400\" class=\"wpcf7-form-control wpcf7-text wpcf7-validates-as-required form-control\" id=\"name\" aria-required=\"true\" aria-invalid=\"false\" placeholder=\"Nome\" value=\"\" type=\"text\" name=\"FullName\" \/><\/span>\n\t\t\t<\/p>\n\t\t<\/div>\n\t\t<div class=\"form-group col-md-6 mb-4\">\n\t\t\t<p><label>O seu email (obrigat\u00f3rio)<\/label><br \/>\n<span class=\"wpcf7-form-control-wrap\" data-name=\"Email\"><input size=\"40\" maxlength=\"400\" class=\"wpcf7-form-control wpcf7-email wpcf7-validates-as-required wpcf7-text wpcf7-validates-as-email form-control\" id=\"email\" aria-required=\"true\" aria-invalid=\"false\" placeholder=\"Email\" value=\"\" type=\"email\" name=\"Email\" \/><\/span>\n\t\t\t<\/p>\n\t\t<\/div>\n\t\t<div class=\"form-group col-md-6 mb-4\">\n\t\t\t<p><label>Telem\u00f3vel (obrigat\u00f3rio)<\/label><br \/>\n<span class=\"wpcf7-form-control-wrap\" data-name=\"Phone\"><input size=\"40\" maxlength=\"400\" class=\"wpcf7-form-control wpcf7-text wpcf7-validates-as-required form-control\" id=\"phone\" aria-required=\"true\" aria-invalid=\"false\" placeholder=\"Telem\u00f3vel\" value=\"\" type=\"text\" name=\"Phone\" \/><\/span>\n\t\t\t<\/p>\n\t\t<\/div>\n\t\t<div class=\"form-group col-md-6 mb-4\">\n\t\t\t<p><label>Carregar Curriculum<\/label><br \/>\n<span class=\"wpcf7-form-control-wrap\" data-name=\"file-cv\"><input size=\"40\" class=\"wpcf7-form-control wpcf7-file form-control\" id=\"file-cv\" accept=\".jpg,.png,.pdf,.doc,.docx\" aria-invalid=\"false\" type=\"file\" name=\"file-cv\" \/><\/span>\n\t\t\t<\/p>\n\t\t<\/div>\n\t\t<div class=\"form-group col-md-12 mb-4\">\n\t\t\t<p><label>Envie a sua mensagem<\/label><br \/>\n<span class=\"wpcf7-form-control-wrap\" data-name=\"message\"><textarea cols=\"40\" rows=\"10\" maxlength=\"2000\" class=\"wpcf7-form-control wpcf7-textarea form-control\" id=\"msg\" aria-invalid=\"false\" placeholder=\"Mensagem\" name=\"message\"><\/textarea><\/span>\n\t\t\t<\/p>\n\t\t<\/div>\n\t\t<div class=\"form-group col-md-12 mb-4\">\n\t\t\t<p><span class=\"wpcf7-form-control-wrap\" data-name=\"acceptance-ppc\"><span class=\"wpcf7-form-control wpcf7-acceptance\"><span class=\"wpcf7-list-item\"><label><input type=\"checkbox\" name=\"acceptance-ppc\" value=\"1\" class=\"mb-0\" aria-invalid=\"false\" \/><span class=\"wpcf7-list-item-label\">Dou consentimento para tratamento dos meus dados pessoais constantes da candidatura \u00e0 3CMN, incluindo o registo e conserva\u00e7\u00e3o em base de dados digital. Autorizo ainda a 3CMN a guardar a minha informa\u00e7\u00e3o pessoal e a utiliz\u00e1-la para fins relacionados com processos de recrutamento e sele\u00e7\u00e3o. Saber mais em <a href=\"https:\/\/3cmn.pt\/politica-privacidade\/\">Pol\u00edtica de Privacidade & Cookies<\/a><\/span><\/label><\/span><\/span><\/span>\n\t\t\t<\/p>\n\t\t<\/div>\n\t\t<div class=\"form-group col-md-12 text-align-center\">\n\t\t\t<p><input class=\"wpcf7-form-control wpcf7-submit has-spinner form-btn\" id=\"msgSubmit\" type=\"submit\" value=\"Enviar\" \/>\n\t\t\t<\/p>\n\t\t<\/div>\n\t<\/div>\n<\/div><div class=\"wpcf7-response-output\" aria-hidden=\"true\"><\/div>\n<\/form>\n<\/div>\n<\/div><\/div>\t\t\t\t<\/div>\n\t\t\t\t<\/div>\n\t\t\t\t<\/div>\n\t\t\t\t\t<\/div>\n\t\t\t\t<\/div>\n\t\t\t\t<\/div>\n\t\t","protected":false},"excerpt":{"rendered":"<p>Recrutamento Home Fa\u00e7a parte da Nossa equipa D\u00ea energia ao seu futuro! Estamos a crescer e \u00e0 procura de novos talentos para as nossas equipas: comerciais, gestores de clientes, consultores de energia, apoio em loja, atendimento ao p\u00fablico e call center. Entra no mundo da energia connosco e cresce com uma equipa em expans\u00e3o. 0 [&hellip;]<\/p>\n","protected":false},"author":1,"featured_media":0,"parent":0,"menu_order":0,"comment_status":"closed","ping_status":"closed","template":"elementor_header_footer","meta":{"footnotes":""},"class_list":["post-10573","page","type-page","status-publish","hentry"],"_links":{"self":[{"href":"https:\/\/linkcriativo.com\/webdevelop\/3cmn\/wp-json\/wp\/v2\/pages\/10573","targetHints":{"allow":["GET"]}}],"collection":[{"href":"https:\/\/linkcriativo.com\/webdevelop\/3cmn\/wp-json\/wp\/v2\/pages"}],"about":[{"href":"https:\/\/linkcriativo.com\/webdevelop\/3cmn\/wp-json\/wp\/v2\/types\/page"}],"author":[{"embeddable":true,"href":"https:\/\/linkcriativo.com\/webdevelop\/3cmn\/wp-json\/wp\/v2\/users\/1"}],"replies":[{"embeddable":true,"href":"https:\/\/linkcriativo.com\/webdevelop\/3cmn\/wp-json\/wp\/v2\/comments?post=10573"}],"version-history":[{"count":16,"href":"https:\/\/linkcriativo.com\/webdevelop\/3cmn\/wp-json\/wp\/v2\/pages\/10573\/revisions"}],"predecessor-version":[{"id":10702,"href":"https:\/\/linkcriativo.com\/webdevelop\/3cmn\/wp-json\/wp\/v2\/pages\/10573\/revisions\/10702"}],"wp:attachment":[{"href":"https:\/\/linkcriativo.com\/webdevelop\/3cmn\/wp-json\/wp\/v2\/media?parent=10573"}],"curies":[{"name":"wp","href":"https:\/\/api.w.org\/{rel}","templated":true}]}}